{"id":920,"date":"2024-05-25T00:40:51","date_gmt":"2024-05-25T00:40:51","guid":{"rendered":"https:\/\/luxinportugal.com\/dispute-resolution\/"},"modified":"2024-11-09T23:01:29","modified_gmt":"2024-11-09T23:01:29","slug":"dispute-resolution","status":"publish","type":"page","link":"https:\/\/luxinportugal.com\/en\/dispute-resolution\/","title":{"rendered":"Dispute resolution"},"content":{"rendered":"<!--themify_builder_content-->\n<div id=\"themify_builder_content-920\" data-postid=\"920\" class=\"themify_builder_content themify_builder_content-920 themify_builder tf_clear\">\n    \t\t\t\t<div  data-lazy=\"1\" class=\"module_row themify_builder_row tb_5ypp16 tb_first tf_w\">\n\t\t\t\t\t\t<div class=\"row_inner col_align_top tb_col_count_1 tf_box tf_rel\">\n\t\t\t\t\t\t<div  data-lazy=\"1\" class=\"module_column tb-column col-full tb_uzp616 first\">\n\t\t\t\t\t<!-- module text -->\n<div  class=\"module module-text tb_8cli16   \" data-lazy=\"1\">\n\t    <div  class=\"tb_text_wrap\">\n\t\t<h5>In compliance with the provisions of Law no. 144\/2015, of 08.09, LUX IN PORTUGAL, Lda. provides the necessary information so that the consumer customer can exercise their right to complain to an official, third party and impartial entity if they want help in resolving the dispute in question.<\/h5>\n<p>Alternative dispute resolution is expected to be less expensive, less bureaucratic and faster than the judicial route.<br>The consumer client can turn to an Alternative Dispute Resolution Body.<\/p>\n<h5><strong>In the event of a dispute, the consumer can turn to the European Dispute Resolution Platform or one of the following entities:<\/strong><\/h5>\n<h4><strong>CNIACC &#8211; National Center for Consumer Conflict Information and Arbitration<\/strong><\/h4>\n<p>Address: Nova University Law School, Campolide Campus, 1099-032 Lisboa<\/p>\n<p>Telephone: +351 213 847 484**<\/p>\n<p>E-mail: cniacc@unl.pt<\/p>\n<p>Website: www.arbitragemdeconsumo.org<\/p>\n<h4><strong>CIMAAL &#8211; Algarve Consumer Conflict Information, Mediation and Arbitration Center<\/strong><\/h4>\n<p>Address: Edif\u00edcio Ninho de Empresas, Estrada da Penha, 8005-131 Faro<\/p>\n<p>Phone: +351 289 823 135**<\/p>\n<p>E-mail: cimaal@mail.telepac.pt<\/p>\n<p>Website: www.consumidoronline.pt\/<\/p>\n<h4><strong>Consumer Conflict Arbitration Center of the District of Coimbra<\/strong><\/h4>\n<p>Address: Av. Fern\u00e3o Magalh\u00e3es, n.\u00ba 240, 1\u00ba &#8211; 3000-172 COIMBRA<\/p>\n<p>Phone: +351 239 821 690** \/ +351 239 821 289**<\/p>\n<p>E-mail: geral@centrodearbitragemdecoimbra.com<\/p>\n<p>Website: www.centrodearbitragemdecoimbra.com<\/p>\n<h4><strong>Lisbon Consumer Conflict Arbitration Center<\/strong><\/h4>\n<p>Address: Rua dos Douradores, 116, 2\u00ba &#8211; 1100-207 LISBOA<\/p>\n<p>Telephone: +351 218 807 000** \/ +351 218 807 030**<\/p>\n<p>E-mail: juridico@centroarbitragemlisboa.pt; director@centroarbitragemlisboa.pt<\/p>\n<p>Website: www.centroarbitragemlisboa.pt<\/p>\n<h4><strong>Porto Consumer Information and Arbitration Center<\/strong><\/h4>\n<p>Address: Rua Dami\u00e3o de G\u00f3is, 31 &#8211; Loja 6 &#8211; 4050-225 Porto<\/p>\n<p>Telephone: +351 225 508 349** \/ +351 225 029 791**<\/p>\n<p>E-mail: cicap@mail.telepac.pt<\/p>\n<p>Website: www.cicap.pt<\/p>\n<h4><strong>Centro de Arbitragem de Conflitos de Consumo do Vale do Ave\/Arbitral Tribunal<\/strong><\/h4>\n<p>Address: Rua Capit\u00e3o Alfredo Guimar\u00e3es, n.\u00ba 1, 4800-019, Guimar\u00e3es<\/p>\n<p>Phone: +351 253 422 410**<\/p>\n<p>E-mail: triave@gmail.com<\/p>\n<p>Website: www.triave.pt<\/p>\n<h4><strong>Consumer Information, Mediation and Arbitration Center (Consumer Arbitration Court) Braga<\/strong><\/h4>\n<p>Address: Rua D. Afonso Henriques, n.\u00ba 1 (Edif\u00edcio Junta de Freguesia da S\u00e9), 4700-030, Braga<\/p>\n<p>Phone: +351 253 617 604**<\/p>\n<p>E-mail: geral@ciab.pt<\/p>\n<p>Website: www.ciab.pt<\/p>\n<h4><strong>Viana do Castelo<\/strong><\/h4>\n<p>Address: Av. Rocha Paris, n.\u00ba 103 (Edif\u00edcio Vila Rosa), 4900-394, Viana do Castelo<\/p>\n<p>Phone: +351 258 809 335**<\/p>\n<p>E-mail: ciab.viana@cm-viana-castelo.pt<\/p>\n<p>Website: www.ciab.pt<\/p>\n<h4><strong>Consumer Conflict Arbitration Center of the Autonomous Region of Madeira<\/strong><\/h4>\n<p>Address: Rua Direita, 27 &#8211; 1\u00ba Andar, 9050-405 Funchal<\/p>\n<p>Phone: +351 291 750 330**<\/p>\n<p>E-mail: centroarbitragem.sras@gov-madeira.pt<\/p>\n<p>Website: www.srrh.gov-madeira.pt\/cacc<\/p>\n<p>For updates and more information, consult the Consumer Portal at www.consumidor.pt (under article 18 of Law no. 144\/2015, of September 8).<\/p>    <\/div>\n<\/div>\n<!-- \/module text -->\t\t<\/div>\n\t\t\t\t\t\t<\/div>\n\t\t<\/div>\n\t\t<\/div>\n<!--\/themify_builder_content-->","protected":false},"excerpt":{"rendered":"<p>Em cumprimento do disposto nos termos da Lei n.\u00ba 144\/2015, de 08.09, a LUX IN PORTUGAL, Lda. disponibiliza a informa\u00e7\u00e3o necess\u00e1ria para que o cliente consumidor possa exercer o seu direito de reclama\u00e7\u00e3o junto de uma entidade oficial, terceira e imparcial caso pretenda ajuda na resolu\u00e7\u00e3o do lit\u00edgio em quest\u00e3o. A resolu\u00e7\u00e3o alternativa de lit\u00edgios [&hellip;]<\/p>\n","protected":false},"author":1,"featured_media":0,"parent":0,"menu_order":0,"comment_status":"closed","ping_status":"open","template":"","meta":{"_siteseo_robots_primary_cat":"","footnotes":""},"class_list":["post-920","page","type-page","status-publish","hentry","has-post-title","has-post-date","has-post-category","has-post-tag","has-post-comment","has-post-author",""],"_links":{"self":[{"href":"https:\/\/luxinportugal.com\/en\/wp-json\/wp\/v2\/pages\/920","targetHints":{"allow":["GET"]}}],"collection":[{"href":"https:\/\/luxinportugal.com\/en\/wp-json\/wp\/v2\/pages"}],"about":[{"href":"https:\/\/luxinportugal.com\/en\/wp-json\/wp\/v2\/types\/page"}],"author":[{"embeddable":true,"href":"https:\/\/luxinportugal.com\/en\/wp-json\/wp\/v2\/users\/1"}],"replies":[{"embeddable":true,"href":"https:\/\/luxinportugal.com\/en\/wp-json\/wp\/v2\/comments?post=920"}],"version-history":[{"count":2,"href":"https:\/\/luxinportugal.com\/en\/wp-json\/wp\/v2\/pages\/920\/revisions"}],"predecessor-version":[{"id":933,"href":"https:\/\/luxinportugal.com\/en\/wp-json\/wp\/v2\/pages\/920\/revisions\/933"}],"wp:attachment":[{"href":"https:\/\/luxinportugal.com\/en\/wp-json\/wp\/v2\/media?parent=920"}],"curies":[{"name":"wp","href":"https:\/\/api.w.org\/{rel}","templated":true}]}}